{"id":91,"date":"2019-02-17T09:53:21","date_gmt":"2019-02-17T08:53:21","guid":{"rendered":"https:\/\/argentoamico.com\/?page_id=91"},"modified":"2019-02-25T21:54:23","modified_gmt":"2019-02-25T20:54:23","slug":"jessica-z-grodu-bielucha","status":"publish","type":"page","link":"https:\/\/argentoamico.com\/index.php\/jessica-z-grodu-bielucha\/","title":{"rendered":"Jessica z Grodu Bielucha"},"content":{"rendered":"<style type=\"text\/css\"><\/style>\n<p style=\"text-align:center\">ur. 10.03.2010<br>\nsuczka hodowlana<br>\n3 X SREBRO<\/p>\n\n\n\n<div class=\"wp-block-image\"><figure class=\"aligncenter\"><img loading=\"lazy\" width=\"432\" height=\"587\" src=\"https:\/\/argentoamico.com\/wp-content\/uploads\/2019\/02\/jesica.jpg\" alt=\"\" class=\"wp-image-77\" srcset=\"https:\/\/argentoamico.com\/wp-content\/uploads\/2019\/02\/jesica.jpg 432w, https:\/\/argentoamico.com\/wp-content\/uploads\/2019\/02\/jesica-221x300.jpg 221w\" sizes=\"(max-width: 432px) 100vw, 432px\" \/><\/figure><\/div>\n\n\n\n<p>Krajowa Wystawa Ps\u00f3w Rasowych &#8211; Lublin, 10.06.2012<br>\n(klasa otwarta, w konkurencji 5 suk)<br>\nocena doskona\u0142a &#8211; II lokata, srebro<\/p>\n\n\n\n<p>&#8222;26 miesi\u0119czna, mocna suczka, dobra g\u0142owa, prawid\u0142owa linia g\u00f3rna, kr\u00f3tki grzbiet, bardzo dobre k\u0105towanie ko\u0144czyn, dynamiczny ruch, dobry gatunek szaty, prawid\u0142owo wybarwiony&#8221;<br>\nS\u0119dzia Barbara Brandys (PL)<\/p>\n\n\n\n<p>Krajowa Wystawa Ps\u00f3w Rasowych &#8211; Radom, 20.05.2012<br>\n(klasa otwarta, w konkurencji 8 suk)<br>\nocena doskona\u0142a &#8211; II lokata, srebro<br>\n&#8222;doskona\u0142a sier\u015b\u0107, nieliczne osmolenia, front szeroki, korpus \u015bwietny, doskona\u0142y ty\u0142, g\u0142owa w normie, jedwab, dobrze biega&#8221;<br>\nS\u0119dzia El\u017cbieta Chwalib\u00f3g (PL)<\/p>\n\n\n\n<p>Krajowa Wystawa Ps\u00f3w Rasowych &#8211; Lublin, 22.04.2012<br>\n(klasa otwarta, w konkurencji 9 suk)<br>\nocena doskona\u0142a &#8211; II lokata, srebro<br>\n&#8222;elegancka, proporcjonalnej budowy, dobrej wielko\u015bci suczka, doskona\u0142a w wyrazie g\u0142owa, elegancka szyja, prosty grzbiet, doskonale osadzony i noszony ogon, swobodny, harmonijny ruch, suczka pe\u0142na temperamentu, szata doskona\u0142a w gatunku i kolorze&#8221;<br>\nS\u0119dzia Krzysztof Czechowski (PL)<\/p>\n\n\n\n<p>Krajowa Wystawa Ps\u00f3w Rasowych &#8211; Przemy\u015bl, 04.09.2012<br>\n(klasa m\u0142odzie\u017cy, w konkurencji 5 suk)<br>\nocena doskona\u0142a &#8211; IV lokata<br>\n&#8222;dobrej wielko\u015bci, dobra g\u0142owa, d\u0142uga szyja, wyra\u017any k\u0142\u0105b, dobry grzbiet, dobre k\u0105towanie ko\u0144czyn, dynamiczny ruch, szata stosowna do wieku&#8221;<br>\nS\u0119dzia Barbara Brandys (PL)<\/p>\n\n\n\n<p>Mi\u0119dzynarodowa Wystawa Ps\u00f3w Rasowych &#8211; Bia\u0142ystok, 28.08.2011<br>\n(klasa m\u0142odzie\u017cy, w konkurencji 22 suki)<br>\nocena bardzo dobra<br>\n&#8222;mocna ko\u015b\u0107, g\u0142owa z prawid\u0142owym wyrazem, wystawowy prawid\u0142owy w\u0142os w strukturze&#8221;<br>\nS\u0119dzia Galina Zhuk (BY)<\/p>\n\n\n\n<p>Mi\u0119dzynarodowa Wystawa Ps\u00f3w Rasowych &#8211; Warszawa, 17.07.2011<br>\n(klasa m\u0142odzie\u017cy, w konkurencji 15 suk)<br>\nocena bardzo dobra<br>\n&#8222;dobry rozmiar, dobre uzupe\u0142nienie kufy, wystawowy dobry kolor&#8221;<br>\nS\u0119dzia Inese Pablaka (LV)<\/p>\n\n\n\n<p>Krajowa Wystawa Ps\u00f3w Rasowych &#8211; Lublin, 12.06.2011<br>\n(klasa m\u0142odzie\u017cy, w konkurencji 8 suk)<br>\nocena doskona\u0142a<br>\n&#8222;suka dobrej wielko\u015bci, typowa g\u0142owa, ucho i oko, dobra szyja, szata w dobrym gatunku, dobrze wypigmentowana&#8221;<br>\nS\u0119dzia Katarzyna Turecka (PL)<\/p>\n\n\n\n<div class=\"wp-block-image\"><figure class=\"aligncenter\"><img loading=\"lazy\" width=\"736\" height=\"386\" src=\"https:\/\/argentoamico.com\/wp-content\/uploads\/2019\/02\/jesica_rodowod.png\" alt=\"\" class=\"wp-image-76\" srcset=\"https:\/\/argentoamico.com\/wp-content\/uploads\/2019\/02\/jesica_rodowod.png 736w, https:\/\/argentoamico.com\/wp-content\/uploads\/2019\/02\/jesica_rodowod-300x157.png 300w, https:\/\/argentoamico.com\/wp-content\/uploads\/2019\/02\/jesica_rodowod-580x304.png 580w\" sizes=\"(max-width: 736px) 100vw, 736px\" \/><\/figure><\/div>\n","protected":false},"excerpt":{"rendered":"<p>ur. 10.03.2010 suczka hodowlana 3 X SREBRO Krajowa Wystawa Ps\u00f3w Rasowych &#8211; Lublin, 10.06.2012 (klasa otwarta, w konkurencji 5 suk) ocena doskona\u0142a &#8211; II lokata, srebro &#8222;26 miesi\u0119czna, mocna suczka, dobra g\u0142owa, prawid\u0142owa linia g\u00f3rna, kr\u00f3tki grzbiet, bardzo dobre k\u0105towanie ko\u0144czyn, dynamiczny ruch, dobry gatunek szaty, prawid\u0142owo wybarwiony&#8221; S\u0119dzia Barbara Brandys (PL) Krajowa Wystawa Ps\u00f3w&#8230;<\/p>\n","protected":false},"author":2,"featured_media":0,"parent":0,"menu_order":0,"comment_status":"closed","ping_status":"closed","template":"","meta":{"ngg_post_thumbnail":0},"_links":{"self":[{"href":"https:\/\/argentoamico.com\/index.php\/wp-json\/wp\/v2\/pages\/91"}],"collection":[{"href":"https:\/\/argentoamico.com\/index.php\/wp-json\/wp\/v2\/pages"}],"about":[{"href":"https:\/\/argentoamico.com\/index.php\/wp-json\/wp\/v2\/types\/page"}],"author":[{"embeddable":true,"href":"https:\/\/argentoamico.com\/index.php\/wp-json\/wp\/v2\/users\/2"}],"replies":[{"embeddable":true,"href":"https:\/\/argentoamico.com\/index.php\/wp-json\/wp\/v2\/comments?post=91"}],"version-history":[{"count":4,"href":"https:\/\/argentoamico.com\/index.php\/wp-json\/wp\/v2\/pages\/91\/revisions"}],"predecessor-version":[{"id":437,"href":"https:\/\/argentoamico.com\/index.php\/wp-json\/wp\/v2\/pages\/91\/revisions\/437"}],"wp:attachment":[{"href":"https:\/\/argentoamico.com\/index.php\/wp-json\/wp\/v2\/media?parent=91"}],"curies":[{"name":"wp","href":"https:\/\/api.w.org\/{rel}","templated":true}]}}