{"id":85,"date":"2019-02-15T19:50:28","date_gmt":"2019-02-15T18:50:28","guid":{"rendered":"http:\/\/argentoamico.com\/?page_id=85"},"modified":"2019-02-25T21:54:52","modified_gmt":"2019-02-25T20:54:52","slug":"kliff-elegant-dimetrodon","status":"publish","type":"page","link":"https:\/\/argentoamico.com\/index.php\/kliff-elegant-dimetrodon\/","title":{"rendered":"Kliff Elegant Dimetrodon"},"content":{"rendered":"<style type=\"text\/css\"><\/style>\n<p style=\"text-align:center\"><strong>CHAMPION POLSKI<\/strong><br> ur. 12.01.2014<br> reproduktor<\/p>\n\n\n\n<p style=\"text-align:center\">3 x CWC<br>4 x z\u0142oto<br>5 x srebro<br>2 x br\u0105z<\/p>\n\n\n\n<p style=\"text-align:center\">Najlepsze Szczeni\u0119 w Rasie<\/p>\n\n\n\n<div class=\"wp-block-image\"><figure class=\"aligncenter\"><img loading=\"lazy\" width=\"640\" height=\"427\" src=\"https:\/\/argentoamico.com\/wp-content\/uploads\/2019\/02\/kliff_elegant_1.jpg\" alt=\"\" class=\"wp-image-78\" srcset=\"https:\/\/argentoamico.com\/wp-content\/uploads\/2019\/02\/kliff_elegant_1.jpg 640w, https:\/\/argentoamico.com\/wp-content\/uploads\/2019\/02\/kliff_elegant_1-300x200.jpg 300w, https:\/\/argentoamico.com\/wp-content\/uploads\/2019\/02\/kliff_elegant_1-580x387.jpg 580w\" sizes=\"(max-width: 640px) 100vw, 640px\" \/><\/figure><\/div>\n\n\n\n<div class=\"wp-block-image\"><figure class=\"aligncenter\"><img loading=\"lazy\" width=\"640\" height=\"427\" src=\"https:\/\/argentoamico.com\/wp-content\/uploads\/2019\/02\/kliff_elegant_2.jpg\" alt=\"\" class=\"wp-image-56\" srcset=\"https:\/\/argentoamico.com\/wp-content\/uploads\/2019\/02\/kliff_elegant_2.jpg 640w, https:\/\/argentoamico.com\/wp-content\/uploads\/2019\/02\/kliff_elegant_2-300x200.jpg 300w, https:\/\/argentoamico.com\/wp-content\/uploads\/2019\/02\/kliff_elegant_2-580x387.jpg 580w\" sizes=\"(max-width: 640px) 100vw, 640px\" \/><\/figure><\/div>\n\n\n\n<div class=\"wp-block-image\"><figure class=\"aligncenter\"><img loading=\"lazy\" width=\"640\" height=\"427\" src=\"https:\/\/argentoamico.com\/wp-content\/uploads\/2019\/02\/kliff_elegant_3.jpg\" alt=\"\" class=\"wp-image-55\" srcset=\"https:\/\/argentoamico.com\/wp-content\/uploads\/2019\/02\/kliff_elegant_3.jpg 640w, https:\/\/argentoamico.com\/wp-content\/uploads\/2019\/02\/kliff_elegant_3-300x200.jpg 300w, https:\/\/argentoamico.com\/wp-content\/uploads\/2019\/02\/kliff_elegant_3-580x387.jpg 580w\" sizes=\"(max-width: 640px) 100vw, 640px\" \/><\/figure><\/div>\n\n\n\n<div class=\"wp-block-image\"><figure class=\"aligncenter\"><img loading=\"lazy\" width=\"427\" height=\"640\" src=\"https:\/\/argentoamico.com\/wp-content\/uploads\/2019\/02\/kliff_elegant_4.jpg\" alt=\"\" class=\"wp-image-54\" srcset=\"https:\/\/argentoamico.com\/wp-content\/uploads\/2019\/02\/kliff_elegant_4.jpg 427w, https:\/\/argentoamico.com\/wp-content\/uploads\/2019\/02\/kliff_elegant_4-200x300.jpg 200w\" sizes=\"(max-width: 427px) 100vw, 427px\" \/><\/figure><\/div>\n\n\n\n<p>S\u0119dzia Janusz Opara (PL)<\/p>\n\n\n\n<p>Mi\u0119dzynarodowa Wystawa Ps\u00f3w Rasowych, Krak\u00f3w, 18.06.2016<br>\nklasa otwarta, ocena doskona\u0142a, I lokata, z\u0142oto, CWC<br>\nS\u0119dzia Magdalena Koz\u0142owska (PL)<\/p>\n\n\n\n<p>III Klubowa Wystawa Toy Terrier\u00f3w, Rzesz\u00f3w, 22.05.2016<br>\nklasa otwarta, oc. doskona\u0142a, lok. II, srebro<br>\nS\u0119dzia Anna Babaeva (RUS)<\/p>\n\n\n\n<p>Mi\u0119dzynarodowa Wystawa Ps\u00f3w Rasowych, Rzesz\u00f3w, 21.05.2016<br>\nklasa otwarta, oc. doskona\u0142a, II lokata, srebro<br>\nS\u0119dzia El\u017cbieta Chwalib\u00f3g (PL)<\/p>\n\n\n\n<p>Radomska Wystawa Ps\u00f3w Rasowych \u2013 I\u0142\u017ca, 08.05.2016<br>\nklasa otwarta, oc. doskona\u0142a, lok. I, z\u0142oto, CWC<br>\nS\u0119dzia Refet Hadzic (BIH)<\/p>\n\n\n\n<p>Krajowa Wystawa Ps\u00f3w 3 i 9 Grupy \u2013 Radom, 29.11.2015<br>\nklasa po\u015brednia, oc. dosk., lok IV<br>\nS\u0119dzia Evgienij Yerualimskij (RUS)<\/p>\n\n\n\n<p>Mi\u0119dzynarodowa Wystawa Ps\u00f3w Rasowych \u2013 Kielce, 21.11.2015<br>\nklasa po\u015brednia, oc. dosk., lok.III, medal br\u0105zowy<br>\nS\u0119dzia Tatjana Urek (SLO)<\/p>\n\n\n\n<p>Krajowa Wystawa ps\u00f3w Rasowych \u2013 Przemy\u015bl, 06.09.2015<br>\nklasa po\u015brednia, lok.I, CWC, medal z\u0142oty<br>\n\u201edoskona\u0142y w ruchu, dobrej wielko\u015bci, doskona\u0142a g\u00f3rna linia z dobrze zaznaczonym k\u0142\u0119bem, dobrze zaznaczony stop, uszy dobrze osadzone i noszone,szata doskona\u0142a w gatunku, prawid\u0142owe k\u0105towanie ko\u0144czyn\u201d<br>\nS\u0119dzia Agata Korpetta(PL)<\/p>\n\n\n\n<p>Mi\u0119dzynarodowa Wystawa Ps\u00f3w Rasowych \u2013 Rzesz\u00f3w, 23.05.2015<br>\nklasa m\u0142odzie\u017cy, lok.II, medal srebrny<br>\n\u201edoskona\u0142e proporcje kufy i czaszki, \u015bwietny wyraz, harmonijny tu\u0142\u00f3w. ruch dynamiczny, \u015bwietna szata w gatunku i kolorystyce\u201d<br>\nS\u0119dzia Janusz Opara (PL)<\/p>\n\n\n\n<p>Radomska Wystawa Ps\u00f3w Rasowych \u2013 Radom, 17.05.2015<br>\nklasa m\u0142odzie\u017cy, ocena doskona\u0142a, lok.I, medal z\u0142oty<br>\n\u201edelikatny piesek, dobra g\u0142owa, mocny grzbiet, bdb k\u0105towanie tylnych ko\u0144czyn, szata doskona\u0142a w gatunku, dobra kondycja i temperament\u201d<br>\nS\u0119dzia Magdalena \u015awi\u0119to\u0144 (PL)<\/p>\n\n\n\n<p>Krajowa Wystawa Ps\u00f3w Rasowych \u2013 Lublin, 19.04.2015<br>\nklasa m\u0142odzie\u017cy, ocena doskona\u0142a, lok.II, medal srebrny<br>\n\u201eelegancki piesek, bardzo \u0142adne ma\u0142e ucho, \u015bwietnie osadzona szyja, idealna w gatunku szata, jeszcze smolenia na g\u0142owie\u201d<br>\nS\u0119dzia Magdalena \u015awi\u0119to\u0144 (PL)<\/p>\n\n\n\n<p>Krajowa Wystawa Ps\u00f3w Rasowych \u2013 Jaros\u0142aw, 15.03.2015<br>\nklasa m\u0142odzie\u017cy, ocena doskona\u0142a, lok.II, medal srebrny<br>\nS\u0119dzia Goran Gladi\u0107<\/p>\n\n\n\n<p>XXX Zimowa Wystawa Ps\u00f3w Rasowych \u2013 Nowy Dw\u00f3r Maz., 30.11.2014<br>\nklasa m\u0142odzie\u017cy, ocena doskona\u0142a, lok.III, medal br\u0105zowy<br>\n\u201edoskona\u0142y typ anatomiczny, jeszcze nie w pe\u0142ni wybarwiony, \u0142adna g\u0142owa z nielicznymi smoleniami, szlachetna szyja, doskona\u0142a linia grzbietu, starannie prezentowany\u201d<br>\nS\u0119dzia Piotr Kr\u00f3l (PL)<\/p>\n\n\n\n<p>Krajowa Wystawa Ps\u00f3w Rasowych \u2013 Przemy\u015bl, 10.08.2014<br>\nklasa szczeni\u0105t, ocena wybitnie obiecuj\u0105ca, lok.I, Najlepsze Szczeni\u0119<br>\n\u201eelegancki, typowy wyraz g\u0142owy, prawid\u0142owe oko, ucho, pigment, prawid\u0142owa linia szyji i grzbietu, dynamiczny ruch, szata doskona\u0142a w gatunku i wybarwieniu, doskonale prezentowany\u201d<br>\nS\u0119dzia Katarzyna Turecka (PL)<\/p>\n\n\n\n<div class=\"wp-block-image\"><figure class=\"aligncenter\"><img loading=\"lazy\" width=\"700\" height=\"329\" src=\"http:\/\/argentoamico.com\/wp-content\/uploads\/2019\/02\/kliff_elegant_rodowod.jpg\" alt=\"\" class=\"wp-image-53\" srcset=\"https:\/\/argentoamico.com\/wp-content\/uploads\/2019\/02\/kliff_elegant_rodowod.jpg 700w, https:\/\/argentoamico.com\/wp-content\/uploads\/2019\/02\/kliff_elegant_rodowod-300x141.jpg 300w, https:\/\/argentoamico.com\/wp-content\/uploads\/2019\/02\/kliff_elegant_rodowod-580x273.jpg 580w\" sizes=\"(max-width: 700px) 100vw, 700px\" \/><\/figure><\/div>\n","protected":false},"excerpt":{"rendered":"<p>CHAMPION POLSKI ur. 12.01.2014 reproduktor 3 x CWC4 x z\u0142oto5 x srebro2 x br\u0105z Najlepsze Szczeni\u0119 w Rasie S\u0119dzia Janusz Opara (PL) Mi\u0119dzynarodowa Wystawa Ps\u00f3w Rasowych, Krak\u00f3w, 18.06.2016 klasa otwarta, ocena doskona\u0142a, I lokata, z\u0142oto, CWC S\u0119dzia Magdalena Koz\u0142owska (PL) III Klubowa Wystawa Toy Terrier\u00f3w, Rzesz\u00f3w, 22.05.2016 klasa otwarta, oc. doskona\u0142a, lok. II, srebro S\u0119dzia&#8230;<\/p>\n","protected":false},"author":2,"featured_media":0,"parent":0,"menu_order":0,"comment_status":"closed","ping_status":"closed","template":"","meta":{"ngg_post_thumbnail":0},"_links":{"self":[{"href":"https:\/\/argentoamico.com\/index.php\/wp-json\/wp\/v2\/pages\/85"}],"collection":[{"href":"https:\/\/argentoamico.com\/index.php\/wp-json\/wp\/v2\/pages"}],"about":[{"href":"https:\/\/argentoamico.com\/index.php\/wp-json\/wp\/v2\/types\/page"}],"author":[{"embeddable":true,"href":"https:\/\/argentoamico.com\/index.php\/wp-json\/wp\/v2\/users\/2"}],"replies":[{"embeddable":true,"href":"https:\/\/argentoamico.com\/index.php\/wp-json\/wp\/v2\/comments?post=85"}],"version-history":[{"count":9,"href":"https:\/\/argentoamico.com\/index.php\/wp-json\/wp\/v2\/pages\/85\/revisions"}],"predecessor-version":[{"id":438,"href":"https:\/\/argentoamico.com\/index.php\/wp-json\/wp\/v2\/pages\/85\/revisions\/438"}],"wp:attachment":[{"href":"https:\/\/argentoamico.com\/index.php\/wp-json\/wp\/v2\/media?parent=85"}],"curies":[{"name":"wp","href":"https:\/\/api.w.org\/{rel}","templated":true}]}}