{"id":801,"date":"2019-12-25T16:00:38","date_gmt":"2019-12-25T15:00:38","guid":{"rendered":"https:\/\/argentoamico.com\/?page_id=801"},"modified":"2025-12-03T23:12:02","modified_gmt":"2025-12-03T22:12:02","slug":"szczenieta-yorkshire-terrier","status":"publish","type":"page","link":"https:\/\/argentoamico.com\/index.php\/szczenieta-yorkshire-terrier\/","title":{"rendered":"Szczeni\u0119ta yorkshire terrier"},"content":{"rendered":"<style type=\"text\/css\"><\/style>\n<p class=\"has-text-align-center has-medium-font-size\"><strong><span class=\"has-inline-color has-black-color\">17.11.2025r. urodzi\u0142y si\u0119 szczeni\u0119ta yorkshire terrier  &#8211;  3 pieski .<\/span><\/strong><\/p>\n\n\n\n<p class=\"has-text-align-center has-medium-font-size\">Szczeni\u0119ta b\u0119d\u0105 gotowe do odbioru po 2 szczepieniach &#8211;  w ostatnim tygodniu stycznia 2026. Mo\u017cliwo\u015b\u0107 rezerwacji szczeni\u0119cia.<\/p>\n\n\n\n<p class=\"has-text-align-center\">Posiadamy tez na sprzeda\u017c 4 letniego, zdrowego, wykastrowanego pieska yorkshire terrier.<\/p>\n\n\n\n<p class=\"has-text-align-center\" style=\"font-size:23px\"><strong>Zainteresowanych szczeni\u0119ciem z naszej hodowli zapraszamy do kontaktu tel. 784 498 195<\/strong><\/p>\n\n\n\n<p><\/p>\n\n\n\n<p class=\"has-text-align-center has-medium-font-size\">Nasze szczeni\u0119ta z poprzednich miot\u00f3w<\/p>\n\n\n\n<div\n\tclass=\"ngg-galleryoverview default-view \"\n\tid=\"ngg-gallery-246afd47b909416f4e8f2cc4fafdcb47-1\">\n\n\t\t<!-- Thumbnails -->\n\t\t\t\t<div id=\"ngg-image-0\" class=\"ngg-gallery-thumbnail-box ngg-3-columns\" >\n\t\t\t\t        <div class=\"ngg-gallery-thumbnail\">\n            <a href=\"https:\/\/argentoamico.com\/wp-content\/gallery\/szcenieta-yorkshire\/s5.JPG\"\n               title=\"\"\n               data-src=\"https:\/\/argentoamico.com\/wp-content\/gallery\/szcenieta-yorkshire\/s5.JPG\"\n               data-thumbnail=\"https:\/\/argentoamico.com\/wp-content\/gallery\/szcenieta-yorkshire\/thumbs\/thumbs_s5.JPG\"\n               data-image-id=\"58\"\n               data-title=\"s5\"\n               data-description=\"\"\n               data-image-slug=\"s5\"\n               class=\"ngg-simplelightbox\" rel=\"246afd47b909416f4e8f2cc4fafdcb47\">\n                <img\n                    title=\"s5\"\n                    alt=\"s5\"\n                    src=\"https:\/\/argentoamico.com\/wp-content\/gallery\/szcenieta-yorkshire\/thumbs\/thumbs_s5.JPG\"\n                    width=\"240\"\n                    height=\"160\"\n                    style=\"max-width:100%;\"\n                \/>\n            <\/a>\n        <\/div>\n\t\t\t\t\t\t\t<\/div> \n\t\t\t\n\t\t\t\t<div id=\"ngg-image-1\" class=\"ngg-gallery-thumbnail-box ngg-3-columns\" >\n\t\t\t\t        <div class=\"ngg-gallery-thumbnail\">\n            <a href=\"https:\/\/argentoamico.com\/wp-content\/gallery\/szcenieta-yorkshire\/s6.JPG\"\n               title=\"\"\n               data-src=\"https:\/\/argentoamico.com\/wp-content\/gallery\/szcenieta-yorkshire\/s6.JPG\"\n               data-thumbnail=\"https:\/\/argentoamico.com\/wp-content\/gallery\/szcenieta-yorkshire\/thumbs\/thumbs_s6.JPG\"\n               data-image-id=\"59\"\n               data-title=\"s6\"\n               data-description=\"\"\n               data-image-slug=\"s6\"\n               class=\"ngg-simplelightbox\" rel=\"246afd47b909416f4e8f2cc4fafdcb47\">\n                <img\n                    title=\"s6\"\n                    alt=\"s6\"\n                    src=\"https:\/\/argentoamico.com\/wp-content\/gallery\/szcenieta-yorkshire\/thumbs\/thumbs_s6.JPG\"\n                    width=\"240\"\n                    height=\"160\"\n                    style=\"max-width:100%;\"\n                \/>\n            <\/a>\n        <\/div>\n\t\t\t\t\t\t\t<\/div> \n\t\t\t\n\t\t\t\t<div id=\"ngg-image-2\" class=\"ngg-gallery-thumbnail-box ngg-3-columns\" >\n\t\t\t\t        <div class=\"ngg-gallery-thumbnail\">\n            <a href=\"https:\/\/argentoamico.com\/wp-content\/gallery\/szcenieta-yorkshire\/lllllollll.JPG\"\n               title=\"\"\n               data-src=\"https:\/\/argentoamico.com\/wp-content\/gallery\/szcenieta-yorkshire\/lllllollll.JPG\"\n               data-thumbnail=\"https:\/\/argentoamico.com\/wp-content\/gallery\/szcenieta-yorkshire\/thumbs\/thumbs_lllllollll.JPG\"\n               data-image-id=\"60\"\n               data-title=\"lllllollll\"\n               data-description=\"\"\n               data-image-slug=\"lllllollll\"\n               class=\"ngg-simplelightbox\" rel=\"246afd47b909416f4e8f2cc4fafdcb47\">\n                <img\n                    title=\"lllllollll\"\n                    alt=\"lllllollll\"\n                    src=\"https:\/\/argentoamico.com\/wp-content\/gallery\/szcenieta-yorkshire\/thumbs\/thumbs_lllllollll.JPG\"\n                    width=\"240\"\n                    height=\"160\"\n                    style=\"max-width:100%;\"\n                \/>\n            <\/a>\n        <\/div>\n\t\t\t\t\t\t\t<\/div> \n\t\t\t\n\t\t\t\t<div id=\"ngg-image-3\" class=\"ngg-gallery-thumbnail-box ngg-3-columns\" >\n\t\t\t\t        <div class=\"ngg-gallery-thumbnail\">\n            <a href=\"https:\/\/argentoamico.com\/wp-content\/gallery\/szcenieta-yorkshire\/IMG_9810.JPG\"\n               title=\"\"\n               data-src=\"https:\/\/argentoamico.com\/wp-content\/gallery\/szcenieta-yorkshire\/IMG_9810.JPG\"\n               data-thumbnail=\"https:\/\/argentoamico.com\/wp-content\/gallery\/szcenieta-yorkshire\/thumbs\/thumbs_IMG_9810.JPG\"\n               data-image-id=\"61\"\n               data-title=\"IMG_9810\"\n               data-description=\"\"\n               data-image-slug=\"img_9810\"\n               class=\"ngg-simplelightbox\" rel=\"246afd47b909416f4e8f2cc4fafdcb47\">\n                <img\n                    title=\"IMG_9810\"\n                    alt=\"IMG_9810\"\n                    src=\"https:\/\/argentoamico.com\/wp-content\/gallery\/szcenieta-yorkshire\/thumbs\/thumbs_IMG_9810.JPG\"\n                    width=\"240\"\n                    height=\"160\"\n                    style=\"max-width:100%;\"\n                \/>\n            <\/a>\n        <\/div>\n\t\t\t\t\t\t\t<\/div> \n\t\t\t\n\t\t\t\t<div id=\"ngg-image-4\" class=\"ngg-gallery-thumbnail-box ngg-3-columns\" >\n\t\t\t\t        <div class=\"ngg-gallery-thumbnail\">\n            <a href=\"https:\/\/argentoamico.com\/wp-content\/gallery\/szcenieta-yorkshire\/IMG_9777.JPG\"\n               title=\"\"\n               data-src=\"https:\/\/argentoamico.com\/wp-content\/gallery\/szcenieta-yorkshire\/IMG_9777.JPG\"\n               data-thumbnail=\"https:\/\/argentoamico.com\/wp-content\/gallery\/szcenieta-yorkshire\/thumbs\/thumbs_IMG_9777.JPG\"\n               data-image-id=\"62\"\n               data-title=\"IMG_9777\"\n               data-description=\"\"\n               data-image-slug=\"img_9777\"\n               class=\"ngg-simplelightbox\" rel=\"246afd47b909416f4e8f2cc4fafdcb47\">\n                <img\n                    title=\"IMG_9777\"\n                    alt=\"IMG_9777\"\n                    src=\"https:\/\/argentoamico.com\/wp-content\/gallery\/szcenieta-yorkshire\/thumbs\/thumbs_IMG_9777.JPG\"\n                    width=\"240\"\n                    height=\"160\"\n                    style=\"max-width:100%;\"\n                \/>\n            <\/a>\n        <\/div>\n\t\t\t\t\t\t\t<\/div> \n\t\t\t\n\t\t\t\t<div id=\"ngg-image-5\" class=\"ngg-gallery-thumbnail-box ngg-3-columns\" >\n\t\t\t\t        <div class=\"ngg-gallery-thumbnail\">\n            <a href=\"https:\/\/argentoamico.com\/wp-content\/gallery\/szcenieta-yorkshire\/IMG_9770.JPG\"\n               title=\"\"\n               data-src=\"https:\/\/argentoamico.com\/wp-content\/gallery\/szcenieta-yorkshire\/IMG_9770.JPG\"\n               data-thumbnail=\"https:\/\/argentoamico.com\/wp-content\/gallery\/szcenieta-yorkshire\/thumbs\/thumbs_IMG_9770.JPG\"\n               data-image-id=\"63\"\n               data-title=\"IMG_9770\"\n               data-description=\"\"\n               data-image-slug=\"img_9770\"\n               class=\"ngg-simplelightbox\" rel=\"246afd47b909416f4e8f2cc4fafdcb47\">\n                <img\n                    title=\"IMG_9770\"\n                    alt=\"IMG_9770\"\n                    src=\"https:\/\/argentoamico.com\/wp-content\/gallery\/szcenieta-yorkshire\/thumbs\/thumbs_IMG_9770.JPG\"\n                    width=\"240\"\n                    height=\"160\"\n                    style=\"max-width:100%;\"\n                \/>\n            <\/a>\n        <\/div>\n\t\t\t\t\t\t\t<\/div> \n\t\t\t\n\t\t\t\t<div id=\"ngg-image-6\" class=\"ngg-gallery-thumbnail-box ngg-3-columns\" >\n\t\t\t\t        <div class=\"ngg-gallery-thumbnail\">\n            <a href=\"https:\/\/argentoamico.com\/wp-content\/gallery\/szcenieta-yorkshire\/IMG_9766.JPG\"\n               title=\"\"\n               data-src=\"https:\/\/argentoamico.com\/wp-content\/gallery\/szcenieta-yorkshire\/IMG_9766.JPG\"\n               data-thumbnail=\"https:\/\/argentoamico.com\/wp-content\/gallery\/szcenieta-yorkshire\/thumbs\/thumbs_IMG_9766.JPG\"\n               data-image-id=\"64\"\n               data-title=\"IMG_9766\"\n               data-description=\"\"\n               data-image-slug=\"img_9766\"\n               class=\"ngg-simplelightbox\" rel=\"246afd47b909416f4e8f2cc4fafdcb47\">\n                <img\n                    title=\"IMG_9766\"\n                    alt=\"IMG_9766\"\n                    src=\"https:\/\/argentoamico.com\/wp-content\/gallery\/szcenieta-yorkshire\/thumbs\/thumbs_IMG_9766.JPG\"\n                    width=\"240\"\n                    height=\"160\"\n                    style=\"max-width:100%;\"\n                \/>\n            <\/a>\n        <\/div>\n\t\t\t\t\t\t\t<\/div> \n\t\t\t\n\t\t\t\t<div id=\"ngg-image-7\" class=\"ngg-gallery-thumbnail-box ngg-3-columns\" >\n\t\t\t\t        <div class=\"ngg-gallery-thumbnail\">\n            <a href=\"https:\/\/argentoamico.com\/wp-content\/gallery\/szcenieta-yorkshire\/IMG_9497.JPG\"\n               title=\"\"\n               data-src=\"https:\/\/argentoamico.com\/wp-content\/gallery\/szcenieta-yorkshire\/IMG_9497.JPG\"\n               data-thumbnail=\"https:\/\/argentoamico.com\/wp-content\/gallery\/szcenieta-yorkshire\/thumbs\/thumbs_IMG_9497.JPG\"\n               data-image-id=\"65\"\n               data-title=\"IMG_9497\"\n               data-description=\"\"\n               data-image-slug=\"img_9497\"\n               class=\"ngg-simplelightbox\" rel=\"246afd47b909416f4e8f2cc4fafdcb47\">\n                <img\n                    title=\"IMG_9497\"\n                    alt=\"IMG_9497\"\n                    src=\"https:\/\/argentoamico.com\/wp-content\/gallery\/szcenieta-yorkshire\/thumbs\/thumbs_IMG_9497.JPG\"\n                    width=\"240\"\n                    height=\"160\"\n                    style=\"max-width:100%;\"\n                \/>\n            <\/a>\n        <\/div>\n\t\t\t\t\t\t\t<\/div> \n\t\t\t\n\t\t\t\t<div id=\"ngg-image-8\" class=\"ngg-gallery-thumbnail-box ngg-3-columns\" >\n\t\t\t\t        <div class=\"ngg-gallery-thumbnail\">\n            <a href=\"https:\/\/argentoamico.com\/wp-content\/gallery\/szcenieta-yorkshire\/IMG_7038.JPG\"\n               title=\"\"\n               data-src=\"https:\/\/argentoamico.com\/wp-content\/gallery\/szcenieta-yorkshire\/IMG_7038.JPG\"\n               data-thumbnail=\"https:\/\/argentoamico.com\/wp-content\/gallery\/szcenieta-yorkshire\/thumbs\/thumbs_IMG_7038.JPG\"\n               data-image-id=\"66\"\n               data-title=\"IMG_7038\"\n               data-description=\"\"\n               data-image-slug=\"img_7038\"\n               class=\"ngg-simplelightbox\" rel=\"246afd47b909416f4e8f2cc4fafdcb47\">\n                <img\n                    title=\"IMG_7038\"\n                    alt=\"IMG_7038\"\n                    src=\"https:\/\/argentoamico.com\/wp-content\/gallery\/szcenieta-yorkshire\/thumbs\/thumbs_IMG_7038.JPG\"\n                    width=\"240\"\n                    height=\"160\"\n                    style=\"max-width:100%;\"\n                \/>\n            <\/a>\n        <\/div>\n\t\t\t\t\t\t\t<\/div> \n\t\t\t\n\t\t\t\t<div id=\"ngg-image-9\" class=\"ngg-gallery-thumbnail-box ngg-3-columns\" >\n\t\t\t\t        <div class=\"ngg-gallery-thumbnail\">\n            <a href=\"https:\/\/argentoamico.com\/wp-content\/gallery\/szcenieta-yorkshire\/IMG_7041.JPG\"\n               title=\"\"\n               data-src=\"https:\/\/argentoamico.com\/wp-content\/gallery\/szcenieta-yorkshire\/IMG_7041.JPG\"\n               data-thumbnail=\"https:\/\/argentoamico.com\/wp-content\/gallery\/szcenieta-yorkshire\/thumbs\/thumbs_IMG_7041.JPG\"\n               data-image-id=\"67\"\n               data-title=\"IMG_7041\"\n               data-description=\"\"\n               data-image-slug=\"img_7041\"\n               class=\"ngg-simplelightbox\" rel=\"246afd47b909416f4e8f2cc4fafdcb47\">\n                <img\n                    title=\"IMG_7041\"\n                    alt=\"IMG_7041\"\n                    src=\"https:\/\/argentoamico.com\/wp-content\/gallery\/szcenieta-yorkshire\/thumbs\/thumbs_IMG_7041.JPG\"\n                    width=\"240\"\n                    height=\"160\"\n                    style=\"max-width:100%;\"\n                \/>\n            <\/a>\n        <\/div>\n\t\t\t\t\t\t\t<\/div> \n\t\t\t\n\t\t\t\t<div id=\"ngg-image-10\" class=\"ngg-gallery-thumbnail-box ngg-3-columns\" >\n\t\t\t\t        <div class=\"ngg-gallery-thumbnail\">\n            <a href=\"https:\/\/argentoamico.com\/wp-content\/gallery\/szcenieta-yorkshire\/IMG_7047.JPG\"\n               title=\"\"\n               data-src=\"https:\/\/argentoamico.com\/wp-content\/gallery\/szcenieta-yorkshire\/IMG_7047.JPG\"\n               data-thumbnail=\"https:\/\/argentoamico.com\/wp-content\/gallery\/szcenieta-yorkshire\/thumbs\/thumbs_IMG_7047.JPG\"\n               data-image-id=\"68\"\n               data-title=\"IMG_7047\"\n               data-description=\"\"\n               data-image-slug=\"img_7047\"\n               class=\"ngg-simplelightbox\" rel=\"246afd47b909416f4e8f2cc4fafdcb47\">\n                <img\n                    title=\"IMG_7047\"\n                    alt=\"IMG_7047\"\n                    src=\"https:\/\/argentoamico.com\/wp-content\/gallery\/szcenieta-yorkshire\/thumbs\/thumbs_IMG_7047.JPG\"\n                    width=\"240\"\n                    height=\"160\"\n                    style=\"max-width:100%;\"\n                \/>\n            <\/a>\n        <\/div>\n\t\t\t\t\t\t\t<\/div> \n\t\t\t\n\t\t\t\t<div id=\"ngg-image-11\" class=\"ngg-gallery-thumbnail-box ngg-3-columns\" >\n\t\t\t\t        <div class=\"ngg-gallery-thumbnail\">\n            <a href=\"https:\/\/argentoamico.com\/wp-content\/gallery\/szcenieta-yorkshire\/IMG_2300.JPG\"\n               title=\"\"\n               data-src=\"https:\/\/argentoamico.com\/wp-content\/gallery\/szcenieta-yorkshire\/IMG_2300.JPG\"\n               data-thumbnail=\"https:\/\/argentoamico.com\/wp-content\/gallery\/szcenieta-yorkshire\/thumbs\/thumbs_IMG_2300.JPG\"\n               data-image-id=\"69\"\n               data-title=\"IMG_2300\"\n               data-description=\"\"\n               data-image-slug=\"img_2300\"\n               class=\"ngg-simplelightbox\" rel=\"246afd47b909416f4e8f2cc4fafdcb47\">\n                <img\n                    title=\"IMG_2300\"\n                    alt=\"IMG_2300\"\n                    src=\"https:\/\/argentoamico.com\/wp-content\/gallery\/szcenieta-yorkshire\/thumbs\/thumbs_IMG_2300.JPG\"\n                    width=\"240\"\n                    height=\"160\"\n                    style=\"max-width:100%;\"\n                \/>\n            <\/a>\n        <\/div>\n\t\t\t\t\t\t\t<\/div> \n\t\t\t\n\t\t\t\t<div id=\"ngg-image-12\" class=\"ngg-gallery-thumbnail-box ngg-3-columns\" >\n\t\t\t\t        <div class=\"ngg-gallery-thumbnail\">\n            <a href=\"https:\/\/argentoamico.com\/wp-content\/gallery\/szcenieta-yorkshire\/IMG_2279.JPG\"\n               title=\"\"\n               data-src=\"https:\/\/argentoamico.com\/wp-content\/gallery\/szcenieta-yorkshire\/IMG_2279.JPG\"\n               data-thumbnail=\"https:\/\/argentoamico.com\/wp-content\/gallery\/szcenieta-yorkshire\/thumbs\/thumbs_IMG_2279.JPG\"\n               data-image-id=\"70\"\n               data-title=\"IMG_2279\"\n               data-description=\"\"\n               data-image-slug=\"img_2279\"\n               class=\"ngg-simplelightbox\" rel=\"246afd47b909416f4e8f2cc4fafdcb47\">\n                <img\n                    title=\"IMG_2279\"\n                    alt=\"IMG_2279\"\n                    src=\"https:\/\/argentoamico.com\/wp-content\/gallery\/szcenieta-yorkshire\/thumbs\/thumbs_IMG_2279.JPG\"\n                    width=\"240\"\n                    height=\"160\"\n                    style=\"max-width:100%;\"\n                \/>\n            <\/a>\n        <\/div>\n\t\t\t\t\t\t\t<\/div> \n\t\t\t\n\t\t\t\t<div id=\"ngg-image-13\" class=\"ngg-gallery-thumbnail-box ngg-3-columns\" >\n\t\t\t\t        <div class=\"ngg-gallery-thumbnail\">\n            <a href=\"https:\/\/argentoamico.com\/wp-content\/gallery\/szcenieta-yorkshire\/IMG_1880.JPG\"\n               title=\"\"\n               data-src=\"https:\/\/argentoamico.com\/wp-content\/gallery\/szcenieta-yorkshire\/IMG_1880.JPG\"\n               data-thumbnail=\"https:\/\/argentoamico.com\/wp-content\/gallery\/szcenieta-yorkshire\/thumbs\/thumbs_IMG_1880.JPG\"\n               data-image-id=\"71\"\n               data-title=\"IMG_1880\"\n               data-description=\"\"\n               data-image-slug=\"img_1880\"\n               class=\"ngg-simplelightbox\" rel=\"246afd47b909416f4e8f2cc4fafdcb47\">\n                <img\n                    title=\"IMG_1880\"\n                    alt=\"IMG_1880\"\n                    src=\"https:\/\/argentoamico.com\/wp-content\/gallery\/szcenieta-yorkshire\/thumbs\/thumbs_IMG_1880.JPG\"\n                    width=\"240\"\n                    height=\"160\"\n                    style=\"max-width:100%;\"\n                \/>\n            <\/a>\n        <\/div>\n\t\t\t\t\t\t\t<\/div> \n\t\t\t\n\t\t\t\t<div id=\"ngg-image-14\" class=\"ngg-gallery-thumbnail-box ngg-3-columns\" >\n\t\t\t\t        <div class=\"ngg-gallery-thumbnail\">\n            <a href=\"https:\/\/argentoamico.com\/wp-content\/gallery\/szcenieta-yorkshire\/IMG_0902.JPG\"\n               title=\"\"\n               data-src=\"https:\/\/argentoamico.com\/wp-content\/gallery\/szcenieta-yorkshire\/IMG_0902.JPG\"\n               data-thumbnail=\"https:\/\/argentoamico.com\/wp-content\/gallery\/szcenieta-yorkshire\/thumbs\/thumbs_IMG_0902.JPG\"\n               data-image-id=\"72\"\n               data-title=\"IMG_0902\"\n               data-description=\"\"\n               data-image-slug=\"img_0902\"\n               class=\"ngg-simplelightbox\" rel=\"246afd47b909416f4e8f2cc4fafdcb47\">\n                <img\n                    title=\"IMG_0902\"\n                    alt=\"IMG_0902\"\n                    src=\"https:\/\/argentoamico.com\/wp-content\/gallery\/szcenieta-yorkshire\/thumbs\/thumbs_IMG_0902.JPG\"\n                    width=\"240\"\n                    height=\"160\"\n                    style=\"max-width:100%;\"\n                \/>\n            <\/a>\n        <\/div>\n\t\t\t\t\t\t\t<\/div> \n\t\t\t\n\t\n\t<br style=\"clear: both\" \/>\n\n\t\n\t\t<!-- Pagination -->\n\t<div class='ngg-clear'><\/div>\t<\/div>\n\n\n\n","protected":false},"excerpt":{"rendered":"<p>17.11.2025r. urodzi\u0142y si\u0119 szczeni\u0119ta yorkshire terrier &#8211; 3 pieski . Szczeni\u0119ta b\u0119d\u0105 gotowe do odbioru po 2 szczepieniach &#8211; w ostatnim tygodniu stycznia 2026. Mo\u017cliwo\u015b\u0107 rezerwacji szczeni\u0119cia. Posiadamy tez na sprzeda\u017c 4 letniego, zdrowego, wykastrowanego pieska yorkshire terrier. Zainteresowanych szczeni\u0119ciem z naszej hodowli zapraszamy do kontaktu tel. 784 498 195 Nasze szczeni\u0119ta z poprzednich miot\u00f3w<\/p>\n","protected":false},"author":3,"featured_media":0,"parent":0,"menu_order":0,"comment_status":"closed","ping_status":"closed","template":"","meta":{"ngg_post_thumbnail":0},"_links":{"self":[{"href":"https:\/\/argentoamico.com\/index.php\/wp-json\/wp\/v2\/pages\/801"}],"collection":[{"href":"https:\/\/argentoamico.com\/index.php\/wp-json\/wp\/v2\/pages"}],"about":[{"href":"https:\/\/argentoamico.com\/index.php\/wp-json\/wp\/v2\/types\/page"}],"author":[{"embeddable":true,"href":"https:\/\/argentoamico.com\/index.php\/wp-json\/wp\/v2\/users\/3"}],"replies":[{"embeddable":true,"href":"https:\/\/argentoamico.com\/index.php\/wp-json\/wp\/v2\/comments?post=801"}],"version-history":[{"count":44,"href":"https:\/\/argentoamico.com\/index.php\/wp-json\/wp\/v2\/pages\/801\/revisions"}],"predecessor-version":[{"id":988,"href":"https:\/\/argentoamico.com\/index.php\/wp-json\/wp\/v2\/pages\/801\/revisions\/988"}],"wp:attachment":[{"href":"https:\/\/argentoamico.com\/index.php\/wp-json\/wp\/v2\/media?parent=801"}],"curies":[{"name":"wp","href":"https:\/\/api.w.org\/{rel}","templated":true}]}}