{"id":363,"date":"2019-02-22T22:13:31","date_gmt":"2019-02-22T21:13:31","guid":{"rendered":"https:\/\/argentoamico.com\/?page_id=363"},"modified":"2020-01-03T22:07:46","modified_gmt":"2020-01-03T21:07:46","slug":"home","status":"publish","type":"page","link":"https:\/\/argentoamico.com\/","title":{"rendered":"Home"},"content":{"rendered":"<style type=\"text\/css\"><\/style>\n<div class=\"alignnormal\"><div id=\"metaslider-id-423\" style=\"max-width: 1200px;\" class=\"ml-slider-3-18-4 metaslider metaslider-flex metaslider-423 ml-slider\">\n    <div id=\"metaslider_container_423\">\n        <div id=\"metaslider_423\">\n            <ul aria-live=\"polite\" class=\"slides\">\n                <li style=\"display: block; width: 100%;\" class=\"slide-449 ms-image\"><img src=\"https:\/\/argentoamico.com\/wp-content\/uploads\/2019\/02\/IMG_6069-1200x700.jpg\" height=\"700\" width=\"1200\" alt=\"\" class=\"slider-423 slide-449\" title=\"IMG_6069\" \/><\/li>\n                <li style=\"display: none; width: 100%;\" class=\"slide-450 ms-image\"><img src=\"https:\/\/argentoamico.com\/wp-content\/uploads\/2019\/02\/IMG_8309-1200x700.jpg\" height=\"700\" width=\"1200\" alt=\"\" class=\"slider-423 slide-450\" title=\"IMG_8309\" \/><\/li>\n                <li style=\"display: none; width: 100%;\" class=\"slide-451 ms-image\"><img src=\"https:\/\/argentoamico.com\/wp-content\/uploads\/2019\/02\/IMG_6176-1200x700.jpg\" height=\"700\" width=\"1200\" alt=\"\" class=\"slider-423 slide-451\" title=\"IMG_6176\" \/><\/li>\n                <li style=\"display: none; width: 100%;\" class=\"slide-452 ms-image\"><img src=\"https:\/\/argentoamico.com\/wp-content\/uploads\/2019\/02\/IMG_6322-1200x700.jpg\" height=\"700\" width=\"1200\" alt=\"\" class=\"slider-423 slide-452\" title=\"IMG_6322\" \/><\/li>\n            <\/ul>\n        <\/div>\n        \n    <\/div>\n<\/div><\/div>\n\n\n\n<h5> <br>Prowadzimy domow\u0105 hodowl\u0119 yorkshire terrier\u00f3w i gryfonik\u00f3w. Nasza hodowla Argento Amico jest zarejestrowana w FCI (Mi\u0119dzynarodowa Federacja Kynologiczna) oraz w ZKwP (Zwi\u0105zek Kynologiczny w Polsce). Nale\u017cymy do oddzia\u0142u lubelskiego ZKwP.                                                                     Hodowla nasza istnieje od 2010 roku.                                                        <\/h5>\n\n\n\n<h5> <br>Hodowla gryfonik\u00f3w i yorkshire terrier\u00f3w mie\u015bci si\u0119 w malowniczej miejscowo\u015bci Kanie w woj.lubelskim, 40km od Lublina i 28km od Che\u0142ma.  <\/h5>\n\n\n\n<div class=\"wp-block-image\"><figure class=\"aligncenter\"><img loading=\"lazy\" width=\"800\" height=\"533\" src=\"https:\/\/argentoamico.com\/wp-content\/uploads\/2020\/01\/zuzia-i-havi.jpg\" alt=\"yorkshire terrier suczki\" class=\"wp-image-840\" srcset=\"https:\/\/argentoamico.com\/wp-content\/uploads\/2020\/01\/zuzia-i-havi.jpg 800w, https:\/\/argentoamico.com\/wp-content\/uploads\/2020\/01\/zuzia-i-havi-300x200.jpg 300w, https:\/\/argentoamico.com\/wp-content\/uploads\/2020\/01\/zuzia-i-havi-768x512.jpg 768w, https:\/\/argentoamico.com\/wp-content\/uploads\/2020\/01\/zuzia-i-havi-580x386.jpg 580w\" sizes=\"(max-width: 800px) 100vw, 800px\" \/><\/figure><\/div>\n\n\n\n<h5>Wszystkie nasze szczeni\u0119ta yorkshire terrier i szczeni\u0119ta gryfoniki otrzymuj\u0105 metryk\u0119 ZKwP, na podstawie kt\u00f3rej przysz\u0142y w\u0142a\u015bciciel mo\u017ce wyrobi\u0107 rodow\u00f3d obejmuj\u0105cy cztery pokolenia wstecz.                                   Szczeni\u0119ta mog\u0105 opu\u015bci\u0107 nasz\u0105 hodowl\u0119  najwcze\u015bniej po 10 tyg. \u017cycia, s\u0105 wtedy kilkukrotnie odrobaczone, zaszczepione, zachipowane oraz s\u0105 po przegl\u0105dzie hodowlanym w ZKwP.<\/h5>\n\n\n\n<h5>Szczeni\u0119ta gryfoniki i szczeni\u0119ta yorkshire terrier maj\u0105 u nas zapewnion\u0105 najlepsz\u0105 opiek\u0119 weterynaryjn\u0105. S\u0105 doskonale socjalizowane, otoczone mi\u0142o\u015bci\u0105, uczone czysto\u015bci. <\/h5>\n\n\n\n<div class=\"wp-block-image\"><figure class=\"aligncenter\"><img loading=\"lazy\" width=\"800\" height=\"533\" src=\"https:\/\/argentoamico.com\/wp-content\/uploads\/2020\/01\/IMG_0582.jpg\" alt=\"\" class=\"wp-image-846\" srcset=\"https:\/\/argentoamico.com\/wp-content\/uploads\/2020\/01\/IMG_0582.jpg 800w, https:\/\/argentoamico.com\/wp-content\/uploads\/2020\/01\/IMG_0582-300x200.jpg 300w, https:\/\/argentoamico.com\/wp-content\/uploads\/2020\/01\/IMG_0582-768x512.jpg 768w, https:\/\/argentoamico.com\/wp-content\/uploads\/2020\/01\/IMG_0582-580x386.jpg 580w\" sizes=\"(max-width: 800px) 100vw, 800px\" \/><\/figure><\/div>\n\n\n\n<h5>Rodowody moich gryfonik\u00f3w i yorkshire terrier\u00f3w oparte s\u0105 na najlepszych liniach czeskich, francuskich i rosyjskich. Psy maj\u0105 do dyspozycji ca\u0142y dom i ogr\u00f3d, nigdy nie s\u0105 zamykane (np. w klatkach). Dziewczynki, kt\u00f3re ju\u017c nie rodz\u0105 zostaj\u0105 z nami do ko\u0144ca swoich dni.<\/h5>\n\n\n\n<div class=\"wp-block-image\"><figure class=\"aligncenter\"><img loading=\"lazy\" width=\"533\" height=\"800\" src=\"https:\/\/argentoamico.com\/wp-content\/uploads\/2020\/01\/havana.jpg\" alt=\"yorki yorkshire terrier hodowla\" class=\"wp-image-851\" srcset=\"https:\/\/argentoamico.com\/wp-content\/uploads\/2020\/01\/havana.jpg 533w, https:\/\/argentoamico.com\/wp-content\/uploads\/2020\/01\/havana-200x300.jpg 200w\" sizes=\"(max-width: 533px) 100vw, 533px\" \/><\/figure><\/div>\n\n\n\n<h5>Nasz\u0105 ambicj\u0105 jest hodowa\u0107 zdrowe, pi\u0119kne psy o zr\u00f3wnowa\u017conych charakterach. Ch\u0119tnie utrzymujemy kontakt z nowymi w\u0142a\u015bcicielami naszych szczeni\u0105t. S\u0142u\u017cymy pomoc\u0105 w zakresie wychowywania, \u017cywienia i piel\u0119gnacji.<\/h5>\n","protected":false},"excerpt":{"rendered":"<p>Prowadzimy domow\u0105 hodowl\u0119 yorkshire terrier\u00f3w i gryfonik\u00f3w. Nasza hodowla Argento Amico jest zarejestrowana w FCI (Mi\u0119dzynarodowa Federacja Kynologiczna) oraz w ZKwP (Zwi\u0105zek Kynologiczny w Polsce). Nale\u017cymy do oddzia\u0142u lubelskiego ZKwP. Hodowla nasza istnieje od 2010 roku. Hodowla gryfonik\u00f3w i yorkshire terrier\u00f3w mie\u015bci si\u0119 w malowniczej miejscowo\u015bci Kanie w woj.lubelskim, 40km od Lublina i 28km od&#8230;<\/p>\n","protected":false},"author":2,"featured_media":0,"parent":0,"menu_order":0,"comment_status":"closed","ping_status":"closed","template":"","meta":{"ngg_post_thumbnail":0},"_links":{"self":[{"href":"https:\/\/argentoamico.com\/index.php\/wp-json\/wp\/v2\/pages\/363"}],"collection":[{"href":"https:\/\/argentoamico.com\/index.php\/wp-json\/wp\/v2\/pages"}],"about":[{"href":"https:\/\/argentoamico.com\/index.php\/wp-json\/wp\/v2\/types\/page"}],"author":[{"embeddable":true,"href":"https:\/\/argentoamico.com\/index.php\/wp-json\/wp\/v2\/users\/2"}],"replies":[{"embeddable":true,"href":"https:\/\/argentoamico.com\/index.php\/wp-json\/wp\/v2\/comments?post=363"}],"version-history":[{"count":40,"href":"https:\/\/argentoamico.com\/index.php\/wp-json\/wp\/v2\/pages\/363\/revisions"}],"predecessor-version":[{"id":853,"href":"https:\/\/argentoamico.com\/index.php\/wp-json\/wp\/v2\/pages\/363\/revisions\/853"}],"wp:attachment":[{"href":"https:\/\/argentoamico.com\/index.php\/wp-json\/wp\/v2\/media?parent=363"}],"curies":[{"name":"wp","href":"https:\/\/api.w.org\/{rel}","templated":true}]}}