{"id":127,"date":"2019-02-17T19:18:52","date_gmt":"2019-02-17T18:18:52","guid":{"rendered":"https:\/\/argentoamico.com\/?page_id=127"},"modified":"2019-02-25T21:59:10","modified_gmt":"2019-02-25T20:59:10","slug":"pure-blood-zvezdnyj-alians","status":"publish","type":"page","link":"https:\/\/argentoamico.com\/index.php\/pure-blood-zvezdnyj-alians\/","title":{"rendered":"Pure Blood Zvezdnyj Alians"},"content":{"rendered":"<style type=\"text\/css\"><\/style>\n<p style=\"text-align:center\">Gryfonik Brukselski<\/p>\n\n\n\n<p style=\"text-align:center\">suczka hodowlana &#8211; ur. 08.03.2016<br> <strong>M\u0142odzie\u017cowy Champion Polski<\/strong><\/p>\n\n\n\n<p style=\"text-align:center\">3 x Zwyci\u0119zca M\u0142odzie\u017cy<br>\n2 x Najlepszy Junior w Rasie<br>\n2 x Zwyci\u0119zca Rasy BOB<br>\n1 x CWC<\/p>\n\n\n\n<div class=\"wp-block-image\"><figure class=\"aligncenter\"><img loading=\"lazy\" width=\"599\" height=\"900\" src=\"https:\/\/argentoamico.com\/wp-content\/uploads\/2019\/02\/pure_blood_1.jpg\" alt=\"\" class=\"wp-image-63\" srcset=\"https:\/\/argentoamico.com\/wp-content\/uploads\/2019\/02\/pure_blood_1.jpg 599w, https:\/\/argentoamico.com\/wp-content\/uploads\/2019\/02\/pure_blood_1-200x300.jpg 200w, https:\/\/argentoamico.com\/wp-content\/uploads\/2019\/02\/pure_blood_1-580x871.jpg 580w\" sizes=\"(max-width: 599px) 100vw, 599px\" \/><\/figure><\/div>\n\n\n\n<div class=\"wp-block-image\"><figure class=\"aligncenter\"><img loading=\"lazy\" width=\"960\" height=\"640\" src=\"https:\/\/argentoamico.com\/wp-content\/uploads\/2019\/02\/pure_blood_2.jpg\" alt=\"\" class=\"wp-image-62\" srcset=\"https:\/\/argentoamico.com\/wp-content\/uploads\/2019\/02\/pure_blood_2.jpg 960w, https:\/\/argentoamico.com\/wp-content\/uploads\/2019\/02\/pure_blood_2-300x200.jpg 300w, https:\/\/argentoamico.com\/wp-content\/uploads\/2019\/02\/pure_blood_2-768x512.jpg 768w, https:\/\/argentoamico.com\/wp-content\/uploads\/2019\/02\/pure_blood_2-580x387.jpg 580w, https:\/\/argentoamico.com\/wp-content\/uploads\/2019\/02\/pure_blood_2-820x547.jpg 820w\" sizes=\"(max-width: 960px) 100vw, 960px\" \/><\/figure><\/div>\n\n\n\n<div class=\"wp-block-image\"><figure class=\"aligncenter\"><img loading=\"lazy\" width=\"720\" height=\"539\" src=\"https:\/\/argentoamico.com\/wp-content\/uploads\/2019\/02\/pure_blood_3.jpg\" alt=\"\" class=\"wp-image-61\" srcset=\"https:\/\/argentoamico.com\/wp-content\/uploads\/2019\/02\/pure_blood_3.jpg 720w, https:\/\/argentoamico.com\/wp-content\/uploads\/2019\/02\/pure_blood_3-300x225.jpg 300w, https:\/\/argentoamico.com\/wp-content\/uploads\/2019\/02\/pure_blood_3-580x434.jpg 580w\" sizes=\"(max-width: 720px) 100vw, 720px\" \/><\/figure><\/div>\n\n\n\n<div class=\"wp-block-image\"><figure class=\"aligncenter\"><img loading=\"lazy\" width=\"900\" height=\"654\" src=\"https:\/\/argentoamico.com\/wp-content\/uploads\/2019\/02\/pure_blood_rodowod.jpg\" alt=\"\" class=\"wp-image-60\" srcset=\"https:\/\/argentoamico.com\/wp-content\/uploads\/2019\/02\/pure_blood_rodowod.jpg 900w, https:\/\/argentoamico.com\/wp-content\/uploads\/2019\/02\/pure_blood_rodowod-300x218.jpg 300w, https:\/\/argentoamico.com\/wp-content\/uploads\/2019\/02\/pure_blood_rodowod-768x558.jpg 768w, https:\/\/argentoamico.com\/wp-content\/uploads\/2019\/02\/pure_blood_rodowod-580x421.jpg 580w, https:\/\/argentoamico.com\/wp-content\/uploads\/2019\/02\/pure_blood_rodowod-820x596.jpg 820w\" sizes=\"(max-width: 900px) 100vw, 900px\" \/><\/figure><\/div>\n","protected":false},"excerpt":{"rendered":"<p>Gryfonik Brukselski suczka hodowlana &#8211; ur. 08.03.2016 M\u0142odzie\u017cowy Champion Polski 3 x Zwyci\u0119zca M\u0142odzie\u017cy 2 x Najlepszy Junior w Rasie 2 x Zwyci\u0119zca Rasy BOB 1 x CWC<\/p>\n","protected":false},"author":2,"featured_media":0,"parent":0,"menu_order":0,"comment_status":"closed","ping_status":"closed","template":"","meta":{"ngg_post_thumbnail":0},"_links":{"self":[{"href":"https:\/\/argentoamico.com\/index.php\/wp-json\/wp\/v2\/pages\/127"}],"collection":[{"href":"https:\/\/argentoamico.com\/index.php\/wp-json\/wp\/v2\/pages"}],"about":[{"href":"https:\/\/argentoamico.com\/index.php\/wp-json\/wp\/v2\/types\/page"}],"author":[{"embeddable":true,"href":"https:\/\/argentoamico.com\/index.php\/wp-json\/wp\/v2\/users\/2"}],"replies":[{"embeddable":true,"href":"https:\/\/argentoamico.com\/index.php\/wp-json\/wp\/v2\/comments?post=127"}],"version-history":[{"count":2,"href":"https:\/\/argentoamico.com\/index.php\/wp-json\/wp\/v2\/pages\/127\/revisions"}],"predecessor-version":[{"id":441,"href":"https:\/\/argentoamico.com\/index.php\/wp-json\/wp\/v2\/pages\/127\/revisions\/441"}],"wp:attachment":[{"href":"https:\/\/argentoamico.com\/index.php\/wp-json\/wp\/v2\/media?parent=127"}],"curies":[{"name":"wp","href":"https:\/\/api.w.org\/{rel}","templated":true}]}}