{"id":125,"date":"2019-02-17T19:13:55","date_gmt":"2019-02-17T18:13:55","guid":{"rendered":"https:\/\/argentoamico.com\/?page_id=125"},"modified":"2019-03-10T21:54:51","modified_gmt":"2019-03-10T20:54:51","slug":"lotheart-dark-night","status":"publish","type":"page","link":"https:\/\/argentoamico.com\/index.php\/lotheart-dark-night\/","title":{"rendered":"Lotheart Dark Night"},"content":{"rendered":"<style type=\"text\/css\"><\/style>\n<p style=\"text-align:center\">Gryfonik Belgijski &#8211; reproduktor<\/p>\n\n\n\n<p style=\"text-align:center\"><strong>M\u0142odzie\u017cowy Champion Polski<\/strong><\/p>\n\n\n\n<p style=\"text-align:center\"> ur. 06.05.2017<br> <\/p>\n\n\n\n<p style=\"text-align:center\">5 x Zwyci\u0119zca M\u0142odzie\u017cy<br> 5 x Najlepszy Junior w Rasie<br> 2 x Najlepszy Doros\u0142y Pies<br> 2 x CWC<br> 5 x Zwyci\u0119zca Rasy BOB<\/p>\n\n\n\n<div class=\"wp-block-image\"><figure class=\"aligncenter\"><img loading=\"lazy\" width=\"900\" height=\"599\" src=\"https:\/\/argentoamico.com\/wp-content\/uploads\/2019\/02\/lotheart_1.jpg\" alt=\"\" class=\"wp-image-67\" srcset=\"https:\/\/argentoamico.com\/wp-content\/uploads\/2019\/02\/lotheart_1.jpg 900w, https:\/\/argentoamico.com\/wp-content\/uploads\/2019\/02\/lotheart_1-300x200.jpg 300w, https:\/\/argentoamico.com\/wp-content\/uploads\/2019\/02\/lotheart_1-768x511.jpg 768w, https:\/\/argentoamico.com\/wp-content\/uploads\/2019\/02\/lotheart_1-580x386.jpg 580w, https:\/\/argentoamico.com\/wp-content\/uploads\/2019\/02\/lotheart_1-820x546.jpg 820w\" sizes=\"(max-width: 900px) 100vw, 900px\" \/><\/figure><\/div>\n\n\n\n<div class=\"wp-block-image\"><figure class=\"aligncenter\"><img loading=\"lazy\" width=\"960\" height=\"640\" src=\"https:\/\/argentoamico.com\/wp-content\/uploads\/2019\/02\/lotheart_2.jpg\" alt=\"\" class=\"wp-image-66\" srcset=\"https:\/\/argentoamico.com\/wp-content\/uploads\/2019\/02\/lotheart_2.jpg 960w, https:\/\/argentoamico.com\/wp-content\/uploads\/2019\/02\/lotheart_2-300x200.jpg 300w, https:\/\/argentoamico.com\/wp-content\/uploads\/2019\/02\/lotheart_2-768x512.jpg 768w, https:\/\/argentoamico.com\/wp-content\/uploads\/2019\/02\/lotheart_2-580x387.jpg 580w, https:\/\/argentoamico.com\/wp-content\/uploads\/2019\/02\/lotheart_2-820x547.jpg 820w\" sizes=\"(max-width: 960px) 100vw, 960px\" \/><\/figure><\/div>\n\n\n\n<div class=\"wp-block-image\"><figure class=\"aligncenter\"><img loading=\"lazy\" width=\"640\" height=\"960\" src=\"https:\/\/argentoamico.com\/wp-content\/uploads\/2019\/02\/lotheart_3.jpg\" alt=\"\" class=\"wp-image-65\" srcset=\"https:\/\/argentoamico.com\/wp-content\/uploads\/2019\/02\/lotheart_3.jpg 640w, https:\/\/argentoamico.com\/wp-content\/uploads\/2019\/02\/lotheart_3-200x300.jpg 200w, https:\/\/argentoamico.com\/wp-content\/uploads\/2019\/02\/lotheart_3-580x870.jpg 580w\" sizes=\"(max-width: 640px) 100vw, 640px\" \/><\/figure><\/div>\n\n\n\n<div class=\"wp-block-image\"><figure class=\"aligncenter\"><img loading=\"lazy\" width=\"900\" height=\"654\" src=\"https:\/\/argentoamico.com\/wp-content\/uploads\/2019\/02\/lotheard_rodowod.jpg\" alt=\"\" class=\"wp-image-64\" srcset=\"https:\/\/argentoamico.com\/wp-content\/uploads\/2019\/02\/lotheard_rodowod.jpg 900w, https:\/\/argentoamico.com\/wp-content\/uploads\/2019\/02\/lotheard_rodowod-300x218.jpg 300w, https:\/\/argentoamico.com\/wp-content\/uploads\/2019\/02\/lotheard_rodowod-768x558.jpg 768w, https:\/\/argentoamico.com\/wp-content\/uploads\/2019\/02\/lotheard_rodowod-580x421.jpg 580w, https:\/\/argentoamico.com\/wp-content\/uploads\/2019\/02\/lotheard_rodowod-820x596.jpg 820w\" sizes=\"(max-width: 900px) 100vw, 900px\" \/><\/figure><\/div>\n","protected":false},"excerpt":{"rendered":"<p>Gryfonik Belgijski &#8211; reproduktor M\u0142odzie\u017cowy Champion Polski ur. 06.05.2017 5 x Zwyci\u0119zca M\u0142odzie\u017cy 5 x Najlepszy Junior w Rasie 2 x Najlepszy Doros\u0142y Pies 2 x CWC 5 x Zwyci\u0119zca Rasy BOB<\/p>\n","protected":false},"author":2,"featured_media":0,"parent":0,"menu_order":0,"comment_status":"closed","ping_status":"closed","template":"","meta":{"ngg_post_thumbnail":0},"_links":{"self":[{"href":"https:\/\/argentoamico.com\/index.php\/wp-json\/wp\/v2\/pages\/125"}],"collection":[{"href":"https:\/\/argentoamico.com\/index.php\/wp-json\/wp\/v2\/pages"}],"about":[{"href":"https:\/\/argentoamico.com\/index.php\/wp-json\/wp\/v2\/types\/page"}],"author":[{"embeddable":true,"href":"https:\/\/argentoamico.com\/index.php\/wp-json\/wp\/v2\/users\/2"}],"replies":[{"embeddable":true,"href":"https:\/\/argentoamico.com\/index.php\/wp-json\/wp\/v2\/comments?post=125"}],"version-history":[{"count":3,"href":"https:\/\/argentoamico.com\/index.php\/wp-json\/wp\/v2\/pages\/125\/revisions"}],"predecessor-version":[{"id":628,"href":"https:\/\/argentoamico.com\/index.php\/wp-json\/wp\/v2\/pages\/125\/revisions\/628"}],"wp:attachment":[{"href":"https:\/\/argentoamico.com\/index.php\/wp-json\/wp\/v2\/media?parent=125"}],"curies":[{"name":"wp","href":"https:\/\/api.w.org\/{rel}","templated":true}]}}