{"id":123,"date":"2019-02-17T19:09:26","date_gmt":"2019-02-17T18:09:26","guid":{"rendered":"https:\/\/argentoamico.com\/?page_id=123"},"modified":"2020-02-09T22:34:45","modified_gmt":"2020-02-09T21:34:45","slug":"oscarina-argento-amico","status":"publish","type":"page","link":"https:\/\/argentoamico.com\/index.php\/oscarina-argento-amico\/","title":{"rendered":"OSCARINA Argento Amico"},"content":{"rendered":"<style type=\"text\/css\"><\/style>\n<p style=\"text-align:center\">suczka hodowlana<\/p>\n\n\n\n<p style=\"text-align:center\">ur. 05.04.2018r.<\/p>\n\n\n\n<p style=\"text-align:center\">4 x srebro<\/p>\n\n\n\n<div class=\"wp-block-image\"><figure class=\"aligncenter\"><img loading=\"lazy\" width=\"960\" height=\"651\" src=\"https:\/\/argentoamico.com\/wp-content\/uploads\/2020\/02\/84955924_2723495894372124_2830198115930210304_n.jpg\" alt=\"\" class=\"wp-image-887\" srcset=\"https:\/\/argentoamico.com\/wp-content\/uploads\/2020\/02\/84955924_2723495894372124_2830198115930210304_n.jpg 960w, https:\/\/argentoamico.com\/wp-content\/uploads\/2020\/02\/84955924_2723495894372124_2830198115930210304_n-300x203.jpg 300w, https:\/\/argentoamico.com\/wp-content\/uploads\/2020\/02\/84955924_2723495894372124_2830198115930210304_n-768x521.jpg 768w, https:\/\/argentoamico.com\/wp-content\/uploads\/2020\/02\/84955924_2723495894372124_2830198115930210304_n-580x393.jpg 580w, https:\/\/argentoamico.com\/wp-content\/uploads\/2020\/02\/84955924_2723495894372124_2830198115930210304_n-820x556.jpg 820w\" sizes=\"(max-width: 960px) 100vw, 960px\" \/><\/figure><\/div>\n\n\n\n<div class=\"wp-block-image\"><figure class=\"aligncenter\"><img loading=\"lazy\" width=\"700\" height=\"325\" src=\"https:\/\/argentoamico.com\/wp-content\/uploads\/2019\/02\/oscarina_rodowod.jpg\" alt=\"\" class=\"wp-image-68\" srcset=\"https:\/\/argentoamico.com\/wp-content\/uploads\/2019\/02\/oscarina_rodowod.jpg 700w, https:\/\/argentoamico.com\/wp-content\/uploads\/2019\/02\/oscarina_rodowod-300x139.jpg 300w, https:\/\/argentoamico.com\/wp-content\/uploads\/2019\/02\/oscarina_rodowod-580x269.jpg 580w\" sizes=\"(max-width: 700px) 100vw, 700px\" \/><\/figure><\/div>\n\n\n\n<div class=\"wp-block-image\"><figure class=\"aligncenter\"><img loading=\"lazy\" width=\"950\" height=\"774\" src=\"https:\/\/argentoamico.com\/wp-content\/uploads\/2019\/06\/13533150_851781641619271_5750466065740357278_n.jpg\" alt=\"\" class=\"wp-image-651\" srcset=\"https:\/\/argentoamico.com\/wp-content\/uploads\/2019\/06\/13533150_851781641619271_5750466065740357278_n.jpg 950w, https:\/\/argentoamico.com\/wp-content\/uploads\/2019\/06\/13533150_851781641619271_5750466065740357278_n-300x244.jpg 300w, https:\/\/argentoamico.com\/wp-content\/uploads\/2019\/06\/13533150_851781641619271_5750466065740357278_n-768x626.jpg 768w, https:\/\/argentoamico.com\/wp-content\/uploads\/2019\/06\/13533150_851781641619271_5750466065740357278_n-580x473.jpg 580w, https:\/\/argentoamico.com\/wp-content\/uploads\/2019\/06\/13533150_851781641619271_5750466065740357278_n-820x668.jpg 820w\" sizes=\"(max-width: 950px) 100vw, 950px\" \/><figcaption>Int.Ch.,Multi Ch.FAVOURITE WINNERS HEARTBREAKER <br><br>Ojciec naszej OSCARINY &#8211; Int.Ch.,Multi Ch.FAVOURITE WINNERS HEARTBREAKER  &#8211; bardzo pi\u0119kny, utytu\u0142owany pies pochodz\u0105cy z rosyjskiej hodowli i mieszkaj\u0105cy w Moskwie.<\/figcaption><\/figure><\/div>\n","protected":false},"excerpt":{"rendered":"<p>suczka hodowlana ur. 05.04.2018r. 4 x srebro<\/p>\n","protected":false},"author":2,"featured_media":0,"parent":0,"menu_order":0,"comment_status":"closed","ping_status":"closed","template":"","meta":{"ngg_post_thumbnail":0},"_links":{"self":[{"href":"https:\/\/argentoamico.com\/index.php\/wp-json\/wp\/v2\/pages\/123"}],"collection":[{"href":"https:\/\/argentoamico.com\/index.php\/wp-json\/wp\/v2\/pages"}],"about":[{"href":"https:\/\/argentoamico.com\/index.php\/wp-json\/wp\/v2\/types\/page"}],"author":[{"embeddable":true,"href":"https:\/\/argentoamico.com\/index.php\/wp-json\/wp\/v2\/users\/2"}],"replies":[{"embeddable":true,"href":"https:\/\/argentoamico.com\/index.php\/wp-json\/wp\/v2\/comments?post=123"}],"version-history":[{"count":9,"href":"https:\/\/argentoamico.com\/index.php\/wp-json\/wp\/v2\/pages\/123\/revisions"}],"predecessor-version":[{"id":889,"href":"https:\/\/argentoamico.com\/index.php\/wp-json\/wp\/v2\/pages\/123\/revisions\/889"}],"wp:attachment":[{"href":"https:\/\/argentoamico.com\/index.php\/wp-json\/wp\/v2\/media?parent=123"}],"curies":[{"name":"wp","href":"https:\/\/api.w.org\/{rel}","templated":true}]}}