{"id":118,"date":"2019-02-17T19:04:16","date_gmt":"2019-02-17T18:04:16","guid":{"rendered":"https:\/\/argentoamico.com\/?page_id=118"},"modified":"2019-09-01T21:28:09","modified_gmt":"2019-09-01T19:28:09","slug":"onyxia-argento-amico","status":"publish","type":"page","link":"https:\/\/argentoamico.com\/index.php\/onyxia-argento-amico\/","title":{"rendered":"ONYXIA Argento Amico"},"content":{"rendered":"<style type=\"text\/css\"><\/style>\n<p style=\"text-align:center\"><strong>CHAMPION POLSKI<\/strong><\/p>\n\n\n\n<p style=\"text-align:center\"><strong>ONYXIA Argento Amico<\/strong><\/p>\n\n\n\n<p style=\"text-align:center\">4 x z\u0142oto <\/p>\n\n\n\n<p style=\"text-align:center\"> 1 x srebro<br> 3 x br\u0105z<br> Zwyci\u0119zca M\u0142odzie\u017cy<br> Najlepszy Junior w Rasie<br>3 x CWC<br> Najlepsza doros\u0142a Suka w Rasie <\/p>\n\n\n\n<div class=\"wp-block-image\"><figure class=\"aligncenter\"><img loading=\"lazy\" width=\"599\" height=\"900\" src=\"https:\/\/argentoamico.com\/wp-content\/uploads\/2019\/02\/onyxia.jpg\" alt=\"\" class=\"wp-image-69\" srcset=\"https:\/\/argentoamico.com\/wp-content\/uploads\/2019\/02\/onyxia.jpg 599w, https:\/\/argentoamico.com\/wp-content\/uploads\/2019\/02\/onyxia-200x300.jpg 200w, https:\/\/argentoamico.com\/wp-content\/uploads\/2019\/02\/onyxia-580x871.jpg 580w\" sizes=\"(max-width: 599px) 100vw, 599px\" \/><\/figure><\/div>\n\n\n\n<p><\/p>\n\n\n\n<p><\/p>\n\n\n\n<div class=\"wp-block-image\"><figure class=\"aligncenter\"><img loading=\"lazy\" width=\"700\" height=\"325\" src=\"https:\/\/argentoamico.com\/wp-content\/uploads\/2019\/02\/onyxia_rodowod.jpg\" alt=\"\" class=\"wp-image-120\" srcset=\"https:\/\/argentoamico.com\/wp-content\/uploads\/2019\/02\/onyxia_rodowod.jpg 700w, https:\/\/argentoamico.com\/wp-content\/uploads\/2019\/02\/onyxia_rodowod-300x139.jpg 300w, https:\/\/argentoamico.com\/wp-content\/uploads\/2019\/02\/onyxia_rodowod-580x269.jpg 580w\" sizes=\"(max-width: 700px) 100vw, 700px\" \/><\/figure><\/div>\n\n\n\n<div class=\"wp-block-image\"><figure class=\"aligncenter\"><img loading=\"lazy\" width=\"1024\" height=\"683\" src=\"https:\/\/argentoamico.com\/wp-content\/uploads\/2019\/06\/13443123_150673305350625_9057867391121482044_o-1024x683.jpg\" alt=\"\" class=\"wp-image-655\" srcset=\"https:\/\/argentoamico.com\/wp-content\/uploads\/2019\/06\/13443123_150673305350625_9057867391121482044_o-1024x683.jpg 1024w, https:\/\/argentoamico.com\/wp-content\/uploads\/2019\/06\/13443123_150673305350625_9057867391121482044_o-300x200.jpg 300w, https:\/\/argentoamico.com\/wp-content\/uploads\/2019\/06\/13443123_150673305350625_9057867391121482044_o-768x512.jpg 768w, https:\/\/argentoamico.com\/wp-content\/uploads\/2019\/06\/13443123_150673305350625_9057867391121482044_o-580x387.jpg 580w, https:\/\/argentoamico.com\/wp-content\/uploads\/2019\/06\/13443123_150673305350625_9057867391121482044_o-820x547.jpg 820w, https:\/\/argentoamico.com\/wp-content\/uploads\/2019\/06\/13443123_150673305350625_9057867391121482044_o-1160x774.jpg 1160w, https:\/\/argentoamico.com\/wp-content\/uploads\/2019\/06\/13443123_150673305350625_9057867391121482044_o.jpg 1225w\" sizes=\"(max-width: 1024px) 100vw, 1024px\" \/><figcaption> Int. Ch., INTERRA WINNER 2016 &#8211; FAVOURITE WINNERS HEARTBREAKER <br><br>Ojciec naszej ONYXII  \u2013 Int.Ch.,Multi Ch.FAVOURITE WINNERS HEARTBREAKER  \u2013 bardzo pi\u0119kny,  utytu\u0142owany pies pochodz\u0105cy z rosyjskiej hodowli i mieszkaj\u0105cy w  Moskwie. <\/figcaption><\/figure><\/div>\n","protected":false},"excerpt":{"rendered":"<p>CHAMPION POLSKI ONYXIA Argento Amico 4 x z\u0142oto 1 x srebro 3 x br\u0105z Zwyci\u0119zca M\u0142odzie\u017cy Najlepszy Junior w Rasie3 x CWC Najlepsza doros\u0142a Suka w Rasie<\/p>\n","protected":false},"author":2,"featured_media":0,"parent":0,"menu_order":0,"comment_status":"closed","ping_status":"closed","template":"","meta":{"ngg_post_thumbnail":0},"_links":{"self":[{"href":"https:\/\/argentoamico.com\/index.php\/wp-json\/wp\/v2\/pages\/118"}],"collection":[{"href":"https:\/\/argentoamico.com\/index.php\/wp-json\/wp\/v2\/pages"}],"about":[{"href":"https:\/\/argentoamico.com\/index.php\/wp-json\/wp\/v2\/types\/page"}],"author":[{"embeddable":true,"href":"https:\/\/argentoamico.com\/index.php\/wp-json\/wp\/v2\/users\/2"}],"replies":[{"embeddable":true,"href":"https:\/\/argentoamico.com\/index.php\/wp-json\/wp\/v2\/comments?post=118"}],"version-history":[{"count":7,"href":"https:\/\/argentoamico.com\/index.php\/wp-json\/wp\/v2\/pages\/118\/revisions"}],"predecessor-version":[{"id":690,"href":"https:\/\/argentoamico.com\/index.php\/wp-json\/wp\/v2\/pages\/118\/revisions\/690"}],"wp:attachment":[{"href":"https:\/\/argentoamico.com\/index.php\/wp-json\/wp\/v2\/media?parent=118"}],"curies":[{"name":"wp","href":"https:\/\/api.w.org\/{rel}","templated":true}]}}