{"id":113,"date":"2019-02-17T18:57:50","date_gmt":"2019-02-17T17:57:50","guid":{"rendered":"https:\/\/argentoamico.com\/?page_id=113"},"modified":"2019-02-25T21:52:56","modified_gmt":"2019-02-25T20:52:56","slug":"halle-berry-argento-amico","status":"publish","type":"page","link":"https:\/\/argentoamico.com\/index.php\/halle-berry-argento-amico\/","title":{"rendered":"Halle Berry Argento Amico"},"content":{"rendered":"<style type=\"text\/css\"><\/style>\n<p style=\"text-align:center\"><strong>CHAMPION POLSKI<\/strong><br> ur. 17.01.2015<br> suczka hodowlana<\/p>\n\n\n\n<p style=\"text-align:center\">5 x z\u0142oto<br>\n2 x srebro<br>\nZwyci\u0119zca Rasy (BOB)<br>\n2 x Najlepsza Doros\u0142a Suka (NDS)<br>\nZwyci\u0119zca M\u0142odzie\u017cy<br>\nNajlepszy Junior w Rasie<br>\nNajlepsze Szczeni\u0119 w Rasie<\/p>\n\n\n\n<div class=\"wp-block-image\"><figure class=\"aligncenter\"><img loading=\"lazy\" width=\"700\" height=\"467\" src=\"https:\/\/argentoamico.com\/wp-content\/uploads\/2019\/02\/halle_berry.jpg\" alt=\"\" class=\"wp-image-71\" srcset=\"https:\/\/argentoamico.com\/wp-content\/uploads\/2019\/02\/halle_berry.jpg 700w, https:\/\/argentoamico.com\/wp-content\/uploads\/2019\/02\/halle_berry-300x200.jpg 300w, https:\/\/argentoamico.com\/wp-content\/uploads\/2019\/02\/halle_berry-580x387.jpg 580w\" sizes=\"(max-width: 700px) 100vw, 700px\" \/><\/figure><\/div>\n\n\n\n<p>Krajowa Wystawa ps\u00f3w Rasowych &#8211; Radom, 27.08.2017<br>\nklasa otwarta &#8211; ocena doskona\u0142a, lokata I, medal z\u0142oty, CWC, Najlepsza Doros\u0142a Suka (NDS)<br>\nS\u0119dzia: G. BAKLUSHIN (RUS)<\/p>\n\n\n\n<p>Mi\u0119dzynarodowa Wystawa Ps\u00f3w Rasowych &#8211; Rzesz\u00f3w, 20.05.2017<br>\nklasa otwarta &#8211; ocena doskona\u0142a, lokata I\/VI, medal z\u0142oty, CWC<br>\n&#8222;proporcjonalna suka, dobre proporcje czaszki, pi\u0119kne, owalne oczy, prawid\u0142owo osadzone i noszone uszy, poprawna g\u00f3rna linia, doskonale osadzony i noszony ogon, szata doskona\u0142a&#8221;<br>\nS\u0119dzia: Krystyna Opara<\/p>\n\n\n\n<p>Krajowa Wystawa Ps\u00f3w Rasowych -Lublin, 26.02.2017<br>\nklasa otwarta &#8211; ocena doskona\u0142a, lokata I\/III, medal z\u0142oty, CWC, Najlepsza Doros\u0142a Suka (NDS), Zwyci\u0119zca Rasy (BOB)<br>\n&#8222;dobra wielko\u015b\u0107 i proporcje, \u0142adna g\u0142owa, ciemne oczy, dobry zgryz, doskona\u0142a linia g\u00f3rna, swobodny ruch&#8221;<br>\nS\u0119dzia: Marek Lewandowski (PL)<\/p>\n\n\n\n<p>Mi\u0119dzynarodowa Wystawa Ps\u00f3w Rasowych &#8211; Warszawa, 09.07.2016<br>\nklasa po\u015brednia &#8211; ocena doskona\u0142a, lokata II\/V, medal srebrny<br>\n&#8222;doskona\u0142a w typie, doskona\u0142a g\u0142owa, prawid\u0142owy front, doskona\u0142a szyja i grna linia, prawid\u0142owe umaszczenie i szata, dobrze si\u0119 porusza&#8221;<br>\nS\u0119dzia Marguerite Schwab-Kersch (LUX)<\/p>\n\n\n\n<p>Klubowa Wystawa Ps\u00f3w Rasowych &#8211; Rzesz\u00f3w, 22.05.2016<br>\nklasa m\u0142odzie\u017cy &#8211; ocena doskona\u0142a, lokata IV\/VIII<br>\nS\u0119dzia Anna Babaeva (RUS)<\/p>\n\n\n\n<p>Mi\u0119dzynarodowa Wystawa Ps\u00f3w Rasowych &#8211; Rzesz\u00f3w, 21.05.2016<br>\nklasa m\u0142odzie\u017cy &#8211; ocena doskona\u0142a, lokata II\/V, srebrny medal<br>\n&#8222;\u0142adne uszka, dobre proporcje g\u0142owy, ciemne oczy, \u0142adna linia g\u00f3rna, dobre k\u0105ty, paszcz stalowy, d\u0142ugi, jedwabisty, bardzo dobrze biega&#8221;<br>\nS\u0119dzia Chwaliib\u00f3g El\u017cbieta (PL)<\/p>\n\n\n\n<p>Krajowa Wystawa Ps\u00f3w Rasowych &#8211; Radom, 08.05.2016<br>\nklasa m\u0142odzie\u017cy &#8211; ocena doskona\u0142a, lokata I\/V, medal z\u0142oty, Zwyci\u0119zca M\u0142odzie\u017cy, Najlepszy Junior w Rasie<br>\n&#8222;prawid\u0142owe proporcje, dobre wype\u0142nienie, prawid\u0142owy wyraz, ciemne oko, prawid\u0142owe linie, kolor, k\u0105towania, r\u00f3wnoleg\u0142e prowadzenie ty\u0142u i przodu w ruchu, ruch swobodny&#8221;<br>\nS\u0119dzia Refet Hadzic (BIH)<\/p>\n\n\n\n<p>Mi\u0119dzynarodowa Wystawa Ps\u00f3w Rasowych &#8211; Kielce, 21.11.2015<br>\nklasa m\u0142odzie\u017cy &#8211; ocena doskona\u0142a<br>\nS\u0119dzia Tatiana Urek (SLO)<\/p>\n\n\n\n<p>Krajowa Wystawa Ps\u00f3w Rasowych &#8211; Przemy\u015bl, 06.09.2015<br>\nklasa szczeni\u0105t &#8211; ocena wybitnie obiecuj\u0105ca, lokata I, Najlepsze Szczeni\u0119 w Rasie<br>\n&#8222;doskona\u0142a w ruchu o mocnej muskulaturze mimo wieku. Prawid\u0142owa g\u00f3rna linia,dobrze osadzony i noszony ogon. Doskona\u0142a szyja. G\u0142owa sucza w wyrazie, ciemne oko. Zgryz no\u017cycowy, szata prawid\u0142owa w gatunku.&#8221;<br>\nS\u0119dzia Agata Korpetta (PL)<\/p>\n\n\n\n<div class=\"wp-block-image\"><figure class=\"aligncenter\"><img loading=\"lazy\" width=\"700\" height=\"324\" src=\"https:\/\/argentoamico.com\/wp-content\/uploads\/2019\/02\/helle_berry_rodowod.jpg\" alt=\"\" class=\"wp-image-70\" srcset=\"https:\/\/argentoamico.com\/wp-content\/uploads\/2019\/02\/helle_berry_rodowod.jpg 700w, https:\/\/argentoamico.com\/wp-content\/uploads\/2019\/02\/helle_berry_rodowod-300x139.jpg 300w, https:\/\/argentoamico.com\/wp-content\/uploads\/2019\/02\/helle_berry_rodowod-580x268.jpg 580w\" sizes=\"(max-width: 700px) 100vw, 700px\" \/><\/figure><\/div>\n","protected":false},"excerpt":{"rendered":"<p>CHAMPION POLSKI ur. 17.01.2015 suczka hodowlana 5 x z\u0142oto 2 x srebro Zwyci\u0119zca Rasy (BOB) 2 x Najlepsza Doros\u0142a Suka (NDS) Zwyci\u0119zca M\u0142odzie\u017cy Najlepszy Junior w Rasie Najlepsze Szczeni\u0119 w Rasie Krajowa Wystawa ps\u00f3w Rasowych &#8211; Radom, 27.08.2017 klasa otwarta &#8211; ocena doskona\u0142a, lokata I, medal z\u0142oty, CWC, Najlepsza Doros\u0142a Suka (NDS) S\u0119dzia: G. BAKLUSHIN&#8230;<\/p>\n","protected":false},"author":2,"featured_media":0,"parent":0,"menu_order":0,"comment_status":"closed","ping_status":"closed","template":"","meta":{"ngg_post_thumbnail":0},"_links":{"self":[{"href":"https:\/\/argentoamico.com\/index.php\/wp-json\/wp\/v2\/pages\/113"}],"collection":[{"href":"https:\/\/argentoamico.com\/index.php\/wp-json\/wp\/v2\/pages"}],"about":[{"href":"https:\/\/argentoamico.com\/index.php\/wp-json\/wp\/v2\/types\/page"}],"author":[{"embeddable":true,"href":"https:\/\/argentoamico.com\/index.php\/wp-json\/wp\/v2\/users\/2"}],"replies":[{"embeddable":true,"href":"https:\/\/argentoamico.com\/index.php\/wp-json\/wp\/v2\/comments?post=113"}],"version-history":[{"count":2,"href":"https:\/\/argentoamico.com\/index.php\/wp-json\/wp\/v2\/pages\/113\/revisions"}],"predecessor-version":[{"id":435,"href":"https:\/\/argentoamico.com\/index.php\/wp-json\/wp\/v2\/pages\/113\/revisions\/435"}],"wp:attachment":[{"href":"https:\/\/argentoamico.com\/index.php\/wp-json\/wp\/v2\/media?parent=113"}],"curies":[{"name":"wp","href":"https:\/\/api.w.org\/{rel}","templated":true}]}}